{"id":6,"date":"2021-11-22T18:33:29","date_gmt":"2021-11-22T18:33:29","guid":{"rendered":"http:\/\/balt.test\/?page_id=6"},"modified":"2025-06-10T14:32:35","modified_gmt":"2025-06-10T14:32:35","slug":"home","status":"publish","type":"page","link":"https:\/\/balt.traffikstaging.com\/fr\/","title":{"rendered":"Maison"},"content":{"rendered":"","protected":false},"excerpt":{"rendered":"","protected":false},"author":1,"featured_media":0,"parent":0,"menu_order":3,"comment_status":"closed","ping_status":"closed","template":"template-homepage.php","meta":{"_acf_changed":false,"footnotes":""},"class_list":["post-6","page","type-page","status-publish","hentry"],"acf":[],"ACF":{"familiy_hero_image":"https:\/\/balt.traffikstaging.com\/wp-content\/uploads\/homefam.jpg","family_section_label":"Our People","family_section_title":"People are at <br \/>the <strong>heart of<br \/> everything we do<\/strong>","portfolio_section_label":"OUR PRODUCT PORTFOLIO","portfolio_section_title":"Being first was <strong>just the beginning<\/strong>","portfolio_section_text":"<p>We introduced one of the first neurovascular intervention devices in 1977. Now we offer the <strong>world\u2019s broadest portfolio<\/strong> of medical devices for ischemic and hemorrhagic stroke as well as dedicated products to address peripheral embolization.<\/p>\n<p><a class=\"btn-lined\" href=\"http:\/\/balt.traffikstaging.com\/products\/\">Explore Our Products<\/a><\/p>\n","portfolio_button_text":"EXPLORE OUR PRODUCTS","green_section_title":"Continuously Reaching <br \/><strong>New Frontiers<\/strong>","green_section_text_block_1":"For more than 45 years, Balt has been leading the way\u2014collaborating with physicians and institutions to develop elegant neurovascular solutions.","green_section_text_block_2":"As the premier global neurovascular platform always seeking to expand beyond boundaries, we are now bringing our innovation to the peripheral vascular space.","green_section_stats_title":"Pioneer in <br\/><strong>stroke treatment<\/strong>","green_section_stats":[{"number":"47","plus_sign":[],"description":"Ann\u00e9es d'excellence"},{"number":"950","plus_sign":["1"],"description":"Salari\u00e9s"},{"number":"16","plus_sign":[],"description":"sites dans le monde"}],"familiy_hero_image_mobile":"https:\/\/balt.traffikstaging.com\/wp-content\/uploads\/home-family-hero-m@2x.jpg","green_section_hero":"https:\/\/balt.traffikstaging.com\/wp-content\/uploads\/home-greenSec-hero@2x-scaled.jpg","impact_section_label":"Our Impact","we_are_hero_slider":[{"hero_image":"https:\/\/balt.traffikstaging.com\/wp-content\/uploads\/homebanner-1.jpg","hero_image_mobile":"https:\/\/balt.traffikstaging.com\/wp-content\/uploads\/homebanner-1sm.jpg","label":"WE ARE BALT","title":"Des innovations inspir\u00e9es par les m\u00e9decins.<br\/> Des solutions d\u00e9di\u00e9es aux patients.","button_text":"Discover Balt","button_link":"https:\/\/balt.traffikstaging.com\/fr\/about-us\/"},{"hero_image":"https:\/\/balt.traffikstaging.com\/wp-content\/uploads\/homebanner-2.jpg","hero_image_mobile":"https:\/\/balt.traffikstaging.com\/wp-content\/uploads\/homebanner-2sm.jpg","label":"CAREERS","title":"Rejoignez une \u00e9quipe passionn\u00e9e qui souhaite faire la diff\u00e9rence.","button_text":"View Openings","button_link":"https:\/\/balt.traffikstaging.com\/fr\/careers\/"},{"hero_image":"https:\/\/balt.traffikstaging.com\/wp-content\/uploads\/homebanner-1.jpg","hero_image_mobile":"https:\/\/balt.traffikstaging.com\/wp-content\/uploads\/homebanner-1.jpg","label":"NEWS","title":"R\u00e9sultats de l&#039;essai STEM dans le New England Journal of Medicine <br \/>","button_text":"See More","button_link":"https:\/\/balt.traffikstaging.com\/fr\/news\/stem-trial-results-in-the-new-england-journal-of-medicine-nejm\/"}],"impactCopy":"<h2>We\u2019re working to make our impact positive and create a sustainable future\u2014<strong>for our planet, our people, our products, and the patients we serve.<\/strong><\/h2>\n<p><a class=\"btn-lined\" href=\"http:\/\/balt.traffikstaging.com\/our-impact\/\">Our Impact<\/a><\/p>\n","familyContent":"<p>We\u2019re proud of our mission and the work we do every day. And that starts with people.<\/p>\n<p><a class=\"btn-lined\" href=\"http:\/\/balt.traffikstaging.com\/about-us\/\">About Us<\/a><\/p>\n"},"_links":{"self":[{"href":"https:\/\/balt.traffikstaging.com\/fr\/wp-json\/wp\/v2\/pages\/6","targetHints":{"allow":["GET"]}}],"collection":[{"href":"https:\/\/balt.traffikstaging.com\/fr\/wp-json\/wp\/v2\/pages"}],"about":[{"href":"https:\/\/balt.traffikstaging.com\/fr\/wp-json\/wp\/v2\/types\/page"}],"author":[{"embeddable":true,"href":"https:\/\/balt.traffikstaging.com\/fr\/wp-json\/wp\/v2\/users\/1"}],"replies":[{"embeddable":true,"href":"https:\/\/balt.traffikstaging.com\/fr\/wp-json\/wp\/v2\/comments?post=6"}],"version-history":[{"count":53,"href":"https:\/\/balt.traffikstaging.com\/fr\/wp-json\/wp\/v2\/pages\/6\/revisions"}],"predecessor-version":[{"id":27463,"href":"https:\/\/balt.traffikstaging.com\/fr\/wp-json\/wp\/v2\/pages\/6\/revisions\/27463"}],"wp:attachment":[{"href":"https:\/\/balt.traffikstaging.com\/fr\/wp-json\/wp\/v2\/media?parent=6"}],"curies":[{"name":"wp","href":"https:\/\/api.w.org\/{rel}","templated":true}]}}