{"id":710,"date":"2022-02-14T18:13:50","date_gmt":"2022-02-14T18:13:50","guid":{"rendered":"http:\/\/balt.traffikstaging.com\/?page_id=710"},"modified":"2024-12-11T23:56:22","modified_gmt":"2024-12-11T23:56:22","slug":"our-impact","status":"publish","type":"page","link":"https:\/\/balt.traffikstaging.com\/fr\/our-impact\/","title":{"rendered":"Notre engagement"},"content":{"rendered":"","protected":false},"excerpt":{"rendered":"","protected":false},"author":3,"featured_media":0,"parent":0,"menu_order":0,"comment_status":"closed","ping_status":"closed","template":"template-ourImpact.php","meta":{"_acf_changed":false,"footnotes":""},"class_list":["post-710","page","type-page","status-publish","hentry"],"acf":[],"ACF":{"header_banner_image":"https:\/\/balt.traffikstaging.com\/wp-content\/uploads\/ourImpact-headImg@2x-scaled.jpg","header_banner_image_mobile":"https:\/\/balt.traffikstaging.com\/wp-content\/uploads\/ourImpact-headImg-m@2x.jpg","header_banner_title":"Our Impact","header_banner_subtitle":"Balancing progress and profitability with environmental and social responsibility","accordion_title":"Guided by the <strong>Key Principles of the UN Global Compact<\/strong>","block":[{"title":"Bonne sant\u00e9 et bien-\u00eatre","avatar":"https:\/\/balt.traffikstaging.com\/wp-content\/uploads\/accord_avatar1@2x.png","description":"En tant qu'entreprise pionni\u00e8re de dispositifs m\u00e9dicaux, notre objectif est simple : am\u00e9liorer et sauver autant de vies que possible, gr\u00e2ce \u00e0 des produits innovants inspir\u00e9s par les m\u00e9decins.","image_desktop":"https:\/\/balt.traffikstaging.com\/wp-content\/uploads\/ourImpact-accordion1@2x-scaled.jpg","image_mobile":"https:\/\/balt.traffikstaging.com\/wp-content\/uploads\/ourImpact-accordion1-m@2x.jpg"},{"title":"\u00c9galit\u00e9 entre les sexes","avatar":"https:\/\/balt.traffikstaging.com\/wp-content\/uploads\/accord_avatar2@2x.png","description":"Nous nous engageons \u00e0 cr\u00e9er un environnement diversifi\u00e9 et inclusif, qui offre des chances \u00e9gales \u00e0 tous et \u00e0 toutes, y compris dans le recrutement, la formation, la r\u00e9mun\u00e9ration et l'avancement professionnel.","image_desktop":"https:\/\/balt.traffikstaging.com\/wp-content\/uploads\/ourImpact-accordion2@2x-scaled.jpg","image_mobile":"https:\/\/balt.traffikstaging.com\/wp-content\/uploads\/ourImpact-accordion2-m@2x.jpg"},{"title":"Bonnes conditions de travail et croissance \u00e9conomique","avatar":"https:\/\/balt.traffikstaging.com\/wp-content\/uploads\/accord_avatar3@2x.png","description":"Balt cr\u00e9e activement une croissance \u00e9conomique inclusive qui r\u00e9duit la d\u00e9gradation de l&#039;environnement et promeut des conditions de travail s\u00fbres, saines et s\u00e9curis\u00e9es pour tous les employ\u00e9s.","image_desktop":"https:\/\/balt.traffikstaging.com\/wp-content\/uploads\/ourImpact-accordion3@2x-scaled.jpg","image_mobile":"https:\/\/balt.traffikstaging.com\/wp-content\/uploads\/ourImpact-accordion3-m@2x.jpg"},{"title":"Consommation et production responsables","avatar":"https:\/\/balt.traffikstaging.com\/wp-content\/uploads\/accord_avatar4@2x.png","description":"Nous int\u00e9grons des modes de consommation et de production durables pour maintenir une utilisation efficace des ressources naturelles et r\u00e9duire consid\u00e9rablement les d\u00e9chets.","image_desktop":"https:\/\/balt.traffikstaging.com\/wp-content\/uploads\/ourImpact-accordion4@2x-scaled.jpg","image_mobile":"https:\/\/balt.traffikstaging.com\/wp-content\/uploads\/ourImpact-accordion4-m@2x.jpg"}],"accordion_sub_title":"<p>We focus on the issues that are related to our <strong>business growth, finances, and reputation and are important to our stakeholders and aligned with our mission.<\/strong><\/p>\n","actions_title":"Our Actions","actions_subtitle":"Together our unified efforts strive towards:","action_slides":[{"slide_title":"Protecting <br\/> Our Planet","slide_description":"Our commitment to protecting our planet includes","slide_image":"https:\/\/balt.traffikstaging.com\/wp-content\/uploads\/actions_protection-our-planet@2x.jpg","bullets_list":[{"bullet":"Measuring and reducing our annual environmental footprint"},{"bullet":"Assessing the complete life cycle of our products"},{"bullet":"Ensuring responsible recycling or disposal of waste materials"}]},{"slide_title":"Supporting <br\/> Our People","slide_description":"Our commitment to supporting our people includes","slide_image":"https:\/\/balt.traffikstaging.com\/wp-content\/uploads\/actions_support-our-people@2x.jpg","bullets_list":[{"bullet":"Celebrating the diversity of our team, customers and partners with diversity assessments and initiatives"},{"bullet":"Zero-tolerance policy for discrimination and harassment"},{"bullet":"Promoting all health and safety regulations"}]},{"slide_title":"Responsibility in<br \/> Leadership","slide_description":"Our commitment to responsibility in leadership includes","slide_image":"https:\/\/balt.traffikstaging.com\/wp-content\/uploads\/actions-responsibility.jpg","bullets_list":[{"bullet":"Respecting and protecting human rights"},{"bullet":"Rejecting all forms of corruption"},{"bullet":"Ensuring product safety and quality"},{"bullet":"Maintaining the highest ethical, scientific, and clinical standards"}]}],"contactBanner":"https:\/\/balt.traffikstaging.com\/wp-content\/uploads\/cb-ourimpact.jpg","contactBannerSm":"https:\/\/balt.traffikstaging.com\/wp-content\/uploads\/cb-ourimpact-sm.jpg","cbAlt":"Balt team","cbLabel":"JOIN US","cbContent":"<h2>Want to <strong>make a<br \/>\ndifference with Balt?<\/strong><\/h2>\n<p><a class=\"btn-lined\" href=\"http:\/\/balt.traffikstaging.com\/careers\/\">Learn More<\/a><\/p>\n","gvIntro":"<p>We are dedicated to developing and manufacturing a portfolio of life-saving, high-technology medical devices for interventional radiology\u2014<strong>all while establishing a culture of integrity, responsibility, and sustainability.<\/strong><\/p>\n","gvHeadline":"<h3 class=\"mainTitle\">Our goals and vision<\/h3>\n<h2>Working together to build <strong>a healthy and sustainable future for all<\/strong><\/h2>\n","gvListIntro":"Right now, Balt is","gvList":"<ul>\n<li>Monitoring its carbon footprint<\/li>\n<li>Reducing energy consumption per unit produced<\/li>\n<li>Growing and supporting female leadership<\/li>\n<\/ul>\n","stories":[{"storyIntro":"<p>Olga woke up one morning partially paralyzed. She had suffered a stroke, a condition that affects 16 million people worldwide each year. If not treated promptly, a stroke can cause significant damage. Fortunately, Olga was treated quickly by Dr. Galdamez at a hospital in Valladolid (near Madrid) and made a full recovery, returning to her active life.<\/p>\n","engVid":"<div class=\"video-container\"><iframe loading=\"lazy\" title=\"Patient story: how Olga&#039;s life changed\" width=\"900\" height=\"506\" src=\"https:\/\/www.youtube.com\/embed\/rds322rpQwc?feature=oembed\" frameborder=\"0\" allow=\"accelerometer; autoplay; clipboard-write; encrypted-media; gyroscope; picture-in-picture; web-share\" referrerpolicy=\"strict-origin-when-cross-origin\" allowfullscreen><\/iframe><\/div>\n","frVid":"<div class=\"video-container\"><iframe loading=\"lazy\" title=\"T\u00e9moignage d&#039;une patiente : comment la vie d&#039;Olga a chang\u00e9\" width=\"900\" height=\"506\" src=\"https:\/\/www.youtube.com\/embed\/meD8AiprFDE?feature=oembed\" frameborder=\"0\" allow=\"accelerometer; autoplay; clipboard-write; encrypted-media; gyroscope; picture-in-picture; web-share\" referrerpolicy=\"strict-origin-when-cross-origin\" allowfullscreen><\/iframe><\/div>\n"},{"storyIntro":"<p>Tim Lawton\u2019s doctors said his brain aneurysm was one of the largest they had seen in their careers. Hear the inspiring story of the early diagnosis and treatment he received from Dr. Alois Zauner and Balt Group technology\u2014and how he was back to bicycling just two weeks later.<\/p>\n","engVid":"<div class=\"video-container\"><iframe loading=\"lazy\" title=\"Balt Group: Patient story from Santa Barbara, USA\" width=\"900\" height=\"506\" src=\"https:\/\/www.youtube.com\/embed\/SYbfHrCh7Vo?feature=oembed\" frameborder=\"0\" allow=\"accelerometer; autoplay; clipboard-write; encrypted-media; gyroscope; picture-in-picture; web-share\" allowfullscreen><\/iframe><\/div>\n","frVid":"<div class=\"video-container\"><iframe loading=\"lazy\" title=\"Balt Group : t\u00e9moignage d&#039;un patient des \u00c9tats-Unis, Santa Barbara\" width=\"900\" height=\"506\" src=\"https:\/\/www.youtube.com\/embed\/9iEuTIBVTOk?feature=oembed\" frameborder=\"0\" allow=\"accelerometer; autoplay; clipboard-write; encrypted-media; gyroscope; picture-in-picture; web-share\" allowfullscreen><\/iframe><\/div>\n"}]},"_links":{"self":[{"href":"https:\/\/balt.traffikstaging.com\/fr\/wp-json\/wp\/v2\/pages\/710","targetHints":{"allow":["GET"]}}],"collection":[{"href":"https:\/\/balt.traffikstaging.com\/fr\/wp-json\/wp\/v2\/pages"}],"about":[{"href":"https:\/\/balt.traffikstaging.com\/fr\/wp-json\/wp\/v2\/types\/page"}],"author":[{"embeddable":true,"href":"https:\/\/balt.traffikstaging.com\/fr\/wp-json\/wp\/v2\/users\/3"}],"replies":[{"embeddable":true,"href":"https:\/\/balt.traffikstaging.com\/fr\/wp-json\/wp\/v2\/comments?post=710"}],"version-history":[{"count":26,"href":"https:\/\/balt.traffikstaging.com\/fr\/wp-json\/wp\/v2\/pages\/710\/revisions"}],"predecessor-version":[{"id":27305,"href":"https:\/\/balt.traffikstaging.com\/fr\/wp-json\/wp\/v2\/pages\/710\/revisions\/27305"}],"wp:attachment":[{"href":"https:\/\/balt.traffikstaging.com\/fr\/wp-json\/wp\/v2\/media?parent=710"}],"curies":[{"name":"wp","href":"https:\/\/api.w.org\/{rel}","templated":true}]}}